{"id":70,"date":"2025-09-21T09:56:58","date_gmt":"2025-09-21T09:56:58","guid":{"rendered":"https:\/\/henver.ee\/?page_id=70"},"modified":"2025-10-25T08:18:57","modified_gmt":"2025-10-25T08:18:57","slug":"meist","status":"publish","type":"page","link":"https:\/\/henver.ee\/en\/meist\/","title":{"rendered":"Vision"},"content":{"rendered":"\n<div class=\"wp-block-group alignfull has-background-background-color has-background has-global-padding is-layout-constrained wp-container-core-group-is-layout-7276a2bb wp-block-group-is-layout-constrained\" style=\"margin-top:0;margin-bottom:0;padding-top:var(--wp--preset--spacing--60);padding-right:var(--wp--preset--spacing--30);padding-bottom:var(--wp--preset--spacing--60);padding-left:var(--wp--preset--spacing--30)\">\n<div class=\"wp-block-columns alignwide are-vertically-aligned-center is-layout-flex wp-container-core-columns-is-layout-47c06fe3 wp-block-columns-is-layout-flex\">\n<div class=\"wp-block-column is-vertically-aligned-center is-layout-flow wp-block-column-is-layout-flow\" style=\"flex-basis:60%\">\n<h2 class=\"wp-block-heading has-large-font-size\">Henveri missioon ja tulevikuvaade.<\/h2>\n\n\n\n<p style=\"margin-top:16px\"><\/p>\n\n\n\n<p style=\"margin-top:16px\">Henveri visioon on olla usaldusv\u00e4\u00e4rne ja mitmek\u00fclgne partner, kes toob Eesti turule kvaliteetse spordi-, matka- ja militaarvarustuse ning matkatoidud. Soovime pakkuda klientidele lahendusi, mis muudavad nii t\u00f6\u00f6 kui ka vaba aja turvalisemaks, mugavamaks ja nauditavamaks. Meie eesm\u00e4rk on kasvatada br\u00e4ndide valikut, luua pikaajalisi koost\u00f6\u00f6suhteid ning kujuneda eelistatud edasim\u00fc\u00fcjaks Eestis.<\/p>\n<\/div>\n\n\n\n<div class=\"wp-block-column is-vertically-aligned-center is-layout-flow wp-container-core-column-is-layout-f5bb311e wp-block-column-is-layout-flow\" style=\"flex-basis:50%\">\n<figure class=\"wp-block-image size-large\"><img loading=\"lazy\" decoding=\"async\" width=\"768\" height=\"1024\" src=\"https:\/\/henver.ee\/wp-content\/uploads\/2025\/09\/Henveri-visioon-768x1024.jpg\" alt=\"\" class=\"wp-image-117\" style=\"aspect-ratio:4\/3;object-fit:cover\" srcset=\"https:\/\/henver.ee\/wp-content\/uploads\/2025\/09\/Henveri-visioon-768x1024.jpg 768w, https:\/\/henver.ee\/wp-content\/uploads\/2025\/09\/Henveri-visioon-225x300.jpg 225w, https:\/\/henver.ee\/wp-content\/uploads\/2025\/09\/Henveri-visioon-1152x1536.jpg 1152w, https:\/\/henver.ee\/wp-content\/uploads\/2025\/09\/Henveri-visioon.jpg 1536w\" sizes=\"auto, (max-width: 768px) 100vw, 768px\" \/><\/figure>\n<\/div>\n<\/div>\n<\/div>\n\n\n\n<div class=\"wp-block-group alignfull has-tertiary-background-color has-background has-global-padding is-layout-constrained wp-container-core-group-is-layout-254d6575 wp-block-group-is-layout-constrained\" style=\"margin-top:0;margin-bottom:0;padding-top:var(--wp--preset--spacing--60);padding-right:var(--wp--preset--spacing--30);padding-bottom:var(--wp--preset--spacing--60);padding-left:var(--wp--preset--spacing--30)\">\n<div class=\"wp-block-group alignwide has-global-padding is-content-justification-center is-layout-constrained wp-block-group-is-layout-constrained\">\n<h2 class=\"wp-block-heading has-text-align-center has-large-font-size\">Henveri meeskond<\/h2>\n\n\n\n<p class=\"has-text-align-center\" style=\"margin-top:16px\"><\/p>\n<\/div>\n\n\n\n<div class=\"wp-block-columns alignwide is-layout-flex wp-container-core-columns-is-layout-e1fea541 wp-block-columns-is-layout-flex\" style=\"margin-top:var(--wp--preset--spacing--50)\">\n<div class=\"wp-block-column has-background-background-color has-background is-layout-flow wp-block-column-is-layout-flow\">\n<div class=\"wp-block-group has-global-padding is-layout-constrained wp-container-core-group-is-layout-3bcd2578 wp-block-group-is-layout-constrained\" style=\"padding-top:24px;padding-right:24px;padding-bottom:24px;padding-left:24px\">\n<figure class=\"wp-block-image aligncenter size-large is-style-rounded\"><img loading=\"lazy\" decoding=\"async\" width=\"784\" height=\"1024\" src=\"https:\/\/henver.ee\/wp-content\/uploads\/2025\/09\/portree-784x1024.jpg\" alt=\"\" class=\"wp-image-56\" style=\"aspect-ratio:1;object-fit:cover\" srcset=\"https:\/\/henver.ee\/wp-content\/uploads\/2025\/09\/portree-784x1024.jpg 784w, https:\/\/henver.ee\/wp-content\/uploads\/2025\/09\/portree-230x300.jpg 230w, https:\/\/henver.ee\/wp-content\/uploads\/2025\/09\/portree-768x1003.jpg 768w, https:\/\/henver.ee\/wp-content\/uploads\/2025\/09\/portree.jpg 1086w\" sizes=\"auto, (max-width: 784px) 100vw, 784px\" \/><\/figure>\n\n\n\n<h4 class=\"wp-block-heading has-text-align-center\" style=\"margin-top:20px;font-size:clamp(14px, 0.875rem + ((1vw - 3.2px) * 0.625), 20px);\">Andrus N\u00f5ulik<\/h4>\n\n\n\n<p class=\"has-text-align-center has-primary-color has-text-color has-small-font-size\" style=\"margin-top:4px\">Asutaja<\/p>\n\n\n\n<p class=\"has-text-align-center has-small-font-size\" style=\"margin-top:12px\">Oma valdkonnas aastatepikkuse kogemuse ja strateegiliste oskustega.<\/p>\n\n\n\n<ul class=\"wp-block-social-links has-small-icon-size has-icon-color is-style-logos-only is-content-justification-center is-layout-flex wp-container-core-social-links-is-layout-ce9397e5 wp-block-social-links-is-layout-flex\" style=\"margin-top:24px\"><\/ul>\n<\/div>\n<\/div>\n\n\n\n<div class=\"wp-block-column has-background-background-color has-background is-layout-flow wp-block-column-is-layout-flow\">\n<div class=\"wp-block-group has-global-padding is-layout-constrained wp-container-core-group-is-layout-3bcd2578 wp-block-group-is-layout-constrained\" style=\"padding-top:24px;padding-right:24px;padding-bottom:24px;padding-left:24px\">\n<figure class=\"wp-block-image aligncenter size-full is-style-rounded\"><img loading=\"lazy\" decoding=\"async\" width=\"500\" height=\"500\" src=\"https:\/\/henver.ee\/wp-content\/uploads\/2025\/09\/Henver-logo.jpg\" alt=\"\" class=\"wp-image-39\" style=\"aspect-ratio:1;object-fit:cover\" srcset=\"https:\/\/henver.ee\/wp-content\/uploads\/2025\/09\/Henver-logo.jpg 500w, https:\/\/henver.ee\/wp-content\/uploads\/2025\/09\/Henver-logo-300x300.jpg 300w, https:\/\/henver.ee\/wp-content\/uploads\/2025\/09\/Henver-logo-150x150.jpg 150w\" sizes=\"auto, (max-width: 500px) 100vw, 500px\" \/><\/figure>\n\n\n\n<h4 class=\"wp-block-heading has-text-align-center\" style=\"margin-top:20px;font-size:clamp(14px, 0.875rem + ((1vw - 3.2px) * 0.625), 20px);\">Otsime turundusspetsialisti!<\/h4>\n\n\n\n<p class=\"has-text-align-center has-primary-color has-text-color has-small-font-size\" style=\"margin-top:4px\">Kirjuta info@henver.ee<\/p>\n\n\n\n<p class=\"has-text-align-center has-small-font-size\" style=\"margin-top:12px\"><\/p>\n<\/div>\n<\/div>\n\n\n\n<div class=\"wp-block-column has-background-background-color has-background is-layout-flow wp-block-column-is-layout-flow\">\n<div class=\"wp-block-group has-global-padding is-layout-constrained wp-container-core-group-is-layout-3bcd2578 wp-block-group-is-layout-constrained\" style=\"padding-top:24px;padding-right:24px;padding-bottom:24px;padding-left:24px\">\n<figure class=\"wp-block-image aligncenter size-full is-style-rounded\"><img loading=\"lazy\" decoding=\"async\" width=\"500\" height=\"500\" src=\"https:\/\/henver.ee\/wp-content\/uploads\/2025\/09\/Henver-logo.jpg\" alt=\"\" class=\"wp-image-39\" style=\"aspect-ratio:1;object-fit:cover\" srcset=\"https:\/\/henver.ee\/wp-content\/uploads\/2025\/09\/Henver-logo.jpg 500w, https:\/\/henver.ee\/wp-content\/uploads\/2025\/09\/Henver-logo-300x300.jpg 300w, https:\/\/henver.ee\/wp-content\/uploads\/2025\/09\/Henver-logo-150x150.jpg 150w\" sizes=\"auto, (max-width: 500px) 100vw, 500px\" \/><\/figure>\n\n\n\n<h4 class=\"wp-block-heading has-text-align-center\" style=\"margin-top:20px;font-size:clamp(14px, 0.875rem + ((1vw - 3.2px) * 0.625), 20px);\">Otsime B2B spetsialisti!!<\/h4>\n\n\n\n<p class=\"has-text-align-center has-small-font-size\" style=\"margin-top:12px\">Kirjuta info@henver.ee<\/p>\n<\/div>\n<\/div>\n<\/div>\n\n\n\n<div class=\"wp-block-columns alignwide is-layout-flex wp-container-core-columns-is-layout-28f84493 wp-block-columns-is-layout-flex\">\n<div class=\"wp-block-column is-layout-flow wp-block-column-is-layout-flow\"><\/div>\n\n\n\n<div class=\"wp-block-column is-layout-flow wp-block-column-is-layout-flow\"><\/div>\n<\/div>\n<\/div>\n","protected":false},"excerpt":{"rendered":"<p>Henveri missioon ja tulevikuvaade. Henveri visioon on olla usaldusv\u00e4\u00e4rne ja mitmek\u00fclgne partner, kes toob Eesti turule kvaliteetse spordi-, matka- ja militaarvarustuse ning matkatoidud. Soovime pakkuda klientidele lahendusi, mis muudavad nii t\u00f6\u00f6 kui ka vaba aja turvalisemaks, mugavamaks ja nauditavamaks. Meie eesm\u00e4rk on kasvatada br\u00e4ndide valikut, luua pikaajalisi koost\u00f6\u00f6suhteid ning kujuneda eelistatud edasim\u00fc\u00fcjaks Eestis. Henveri meeskond [&hellip;]<\/p>\n","protected":false},"author":1,"featured_media":0,"parent":0,"menu_order":0,"comment_status":"closed","ping_status":"closed","template":"page-with-title","meta":{"footnotes":""},"class_list":["post-70","page","type-page","status-publish","hentry"],"aioseo_notices":[],"_links":{"self":[{"href":"https:\/\/henver.ee\/en\/wp-json\/wp\/v2\/pages\/70","targetHints":{"allow":["GET"]}}],"collection":[{"href":"https:\/\/henver.ee\/en\/wp-json\/wp\/v2\/pages"}],"about":[{"href":"https:\/\/henver.ee\/en\/wp-json\/wp\/v2\/types\/page"}],"author":[{"embeddable":true,"href":"https:\/\/henver.ee\/en\/wp-json\/wp\/v2\/users\/1"}],"replies":[{"embeddable":true,"href":"https:\/\/henver.ee\/en\/wp-json\/wp\/v2\/comments?post=70"}],"version-history":[{"count":12,"href":"https:\/\/henver.ee\/en\/wp-json\/wp\/v2\/pages\/70\/revisions"}],"predecessor-version":[{"id":176,"href":"https:\/\/henver.ee\/en\/wp-json\/wp\/v2\/pages\/70\/revisions\/176"}],"wp:attachment":[{"href":"https:\/\/henver.ee\/en\/wp-json\/wp\/v2\/media?parent=70"}],"curies":[{"name":"wp","href":"https:\/\/api.w.org\/{rel}","templated":true}]}}